{"id":90778,"date":"2024-08-21T21:52:34","date_gmt":"2024-08-21T19:52:34","guid":{"rendered":"https:\/\/petit-montagnard.fr\/?page_id=90778"},"modified":"2024-08-21T21:54:46","modified_gmt":"2024-08-21T19:54:46","slug":"our-mountain-villages","status":"publish","type":"page","link":"https:\/\/petit-montagnard.fr\/en\/nos-villages-de-montagne\/","title":{"rendered":"Our mountain villages"},"content":{"rendered":"<p><strong>From the Alps to the Pyrenees, via the Vosges and the Massif Central, discover the villages that make up our rich heritage. <\/strong><\/p>\n\n\n\n<p>Mountain villages are hidden gems in the heart of the Alpine landscape, offering a perfect harmony of unspoilt nature, cultural heritage and age-old traditions. Nestling on the mountainside, these villages embody authenticity and tranquillity, far from the hustle and bustle of urban life. <\/p>\n\n\n\n<p><strong>GUIDE :<\/strong> <a href=\"https:\/\/petit-montagnard.fr\/en\/guide-to-summer-ski-resorts\/\">Our resorts in summer<\/a> <\/p>\n\n\n\n<p><strong>GUIDE :<\/strong> <a href=\"https:\/\/petit-montagnard.fr\/en\/winter-guide-to-ski-resorts\/\">Our winter resorts <\/a><\/p>\n\n\n\n<p>In this section, we invite you to discover these havens of peace, where every cobbled lane, every wooden chalet and every breathtaking panorama tells a story, the story of a way of life in symbiosis with nature and the seasons. Join us as we explore these unique places where time seems to stand still, between heaven and earth.<\/p>\n\n\n\n<div class=\"wp-block-columns is-layout-flex wp-container-core-columns-is-layout-9d6595d7 wp-block-columns-is-layout-flex\">\n<div class=\"wp-block-column is-layout-flow wp-block-column-is-layout-flow\" style=\"flex-basis:100%\">\n<figure class=\"wp-block-gallery has-nested-images columns-1 is-cropped wp-block-gallery-1 is-layout-flex wp-block-gallery-is-layout-flex\">\n<figure class=\"wp-block-image size-large\"><a href=\"https:\/\/petit-montagnard.fr\/en\/combloux-preserved-authenticity-at-the-foot-of-mont-blanc\/\"><img fetchpriority=\"high\" decoding=\"async\" width=\"1024\" height=\"581\" data-id=\"90533\" src=\"https:\/\/petit-montagnard.fr\/wp-content\/uploads\/2024\/08\/Combloux-e1723709823325-1024x581.jpg\" alt=\"Combloux\" class=\"wp-image-90533\" srcset=\"https:\/\/petit-montagnard.fr\/wp-content\/uploads\/2024\/08\/Combloux-e1723709823325-1024x581.jpg 1024w, https:\/\/petit-montagnard.fr\/wp-content\/uploads\/2024\/08\/Combloux-e1723709823325-300x170.jpg 300w, https:\/\/petit-montagnard.fr\/wp-content\/uploads\/2024\/08\/Combloux-e1723709823325-768x436.jpg 768w, https:\/\/petit-montagnard.fr\/wp-content\/uploads\/2024\/08\/Combloux-e1723709823325-1536x871.jpg 1536w, https:\/\/petit-montagnard.fr\/wp-content\/uploads\/2024\/08\/Combloux-e1723709823325-150x85.jpg 150w, https:\/\/petit-montagnard.fr\/wp-content\/uploads\/2024\/08\/Combloux-e1723709823325-450x255.jpg 450w, https:\/\/petit-montagnard.fr\/wp-content\/uploads\/2024\/08\/Combloux-e1723709823325-1200x681.jpg 1200w, https:\/\/petit-montagnard.fr\/wp-content\/uploads\/2024\/08\/Combloux-e1723709823325.jpg 1904w\" sizes=\"(max-width: 1024px) 100vw, 1024px\" \/><\/a><figcaption class=\"wp-element-caption\">COMBLOUX<\/figcaption><\/figure>\n\n\n\n<figure class=\"wp-block-image size-large\"><a href=\"https:\/\/petit-montagnard.fr\/en\/barcelonnette-a-mexican-heritage-in-the-heart-of-the-alps\/\"><img decoding=\"async\" width=\"1024\" height=\"550\" data-id=\"90512\" src=\"https:\/\/petit-montagnard.fr\/wp-content\/uploads\/2024\/08\/barcelonnette-1024x550.jpg\" alt=\"barcelonnette\" class=\"wp-image-90512\" srcset=\"https:\/\/petit-montagnard.fr\/wp-content\/uploads\/2024\/08\/barcelonnette-1024x550.jpg 1024w, https:\/\/petit-montagnard.fr\/wp-content\/uploads\/2024\/08\/barcelonnette-300x161.jpg 300w, https:\/\/petit-montagnard.fr\/wp-content\/uploads\/2024\/08\/barcelonnette-768x413.jpg 768w, https:\/\/petit-montagnard.fr\/wp-content\/uploads\/2024\/08\/barcelonnette-150x81.jpg 150w, https:\/\/petit-montagnard.fr\/wp-content\/uploads\/2024\/08\/barcelonnette-450x242.jpg 450w, https:\/\/petit-montagnard.fr\/wp-content\/uploads\/2024\/08\/barcelonnette.jpg 1200w\" sizes=\"(max-width: 1024px) 100vw, 1024px\" \/><\/a><figcaption class=\"wp-element-caption\">BARCELONNETTE<\/figcaption><\/figure>\n\n\n\n<figure class=\"wp-block-image size-large\"><a href=\"https:\/\/petit-montagnard.fr\/en\/in-the-heart-of-the-pyrenees-this-medieval-village-is-well-worth-a-visit\/\"><img decoding=\"async\" width=\"1024\" height=\"672\" data-id=\"89591\" src=\"https:\/\/petit-montagnard.fr\/wp-content\/uploads\/2024\/06\/Evol-1024x672.jpeg\" alt=\"Change\" class=\"wp-image-89591\" srcset=\"https:\/\/petit-montagnard.fr\/wp-content\/uploads\/2024\/06\/Evol-1024x672.jpeg 1024w, https:\/\/petit-montagnard.fr\/wp-content\/uploads\/2024\/06\/Evol-300x197.jpeg 300w, https:\/\/petit-montagnard.fr\/wp-content\/uploads\/2024\/06\/Evol-768x504.jpeg 768w, https:\/\/petit-montagnard.fr\/wp-content\/uploads\/2024\/06\/Evol-1536x1008.jpeg 1536w, https:\/\/petit-montagnard.fr\/wp-content\/uploads\/2024\/06\/Evol-150x98.jpeg 150w, https:\/\/petit-montagnard.fr\/wp-content\/uploads\/2024\/06\/Evol-450x295.jpeg 450w, https:\/\/petit-montagnard.fr\/wp-content\/uploads\/2024\/06\/Evol-1200x788.jpeg 1200w, https:\/\/petit-montagnard.fr\/wp-content\/uploads\/2024\/06\/Evol.jpeg 2000w\" sizes=\"(max-width: 1024px) 100vw, 1024px\" \/><\/a><figcaption class=\"wp-element-caption\">EVOL<\/figcaption><\/figure>\n\n\n\n<figure class=\"wp-block-image size-large\"><a href=\"https:\/\/petit-montagnard.fr\/en\/this-savoyard-village-perched-at-an-altitude-of-1800-metres-is-one-of-the-most-picturesque-in-france\/\"><img loading=\"lazy\" decoding=\"async\" width=\"1024\" height=\"614\" data-id=\"89206\" src=\"https:\/\/petit-montagnard.fr\/wp-content\/uploads\/2024\/05\/Bonneval-sur-Arc-Savoie-1024x614.jpeg\" alt=\"Bonneval-sur-Arc-Savoie\" class=\"wp-image-89206\" srcset=\"https:\/\/petit-montagnard.fr\/wp-content\/uploads\/2024\/05\/Bonneval-sur-Arc-Savoie-1024x614.jpeg 1024w, https:\/\/petit-montagnard.fr\/wp-content\/uploads\/2024\/05\/Bonneval-sur-Arc-Savoie-300x180.jpeg 300w, https:\/\/petit-montagnard.fr\/wp-content\/uploads\/2024\/05\/Bonneval-sur-Arc-Savoie-768x461.jpeg 768w, https:\/\/petit-montagnard.fr\/wp-content\/uploads\/2024\/05\/Bonneval-sur-Arc-Savoie-1536x922.jpeg 1536w, https:\/\/petit-montagnard.fr\/wp-content\/uploads\/2024\/05\/Bonneval-sur-Arc-Savoie-2048x1229.jpeg 2048w, https:\/\/petit-montagnard.fr\/wp-content\/uploads\/2024\/05\/Bonneval-sur-Arc-Savoie-150x90.jpeg 150w, https:\/\/petit-montagnard.fr\/wp-content\/uploads\/2024\/05\/Bonneval-sur-Arc-Savoie-450x270.jpeg 450w, https:\/\/petit-montagnard.fr\/wp-content\/uploads\/2024\/05\/Bonneval-sur-Arc-Savoie-1200x720.jpeg 1200w\" sizes=\"(max-width: 1024px) 100vw, 1024px\" \/><\/a><figcaption class=\"wp-element-caption\">BONNEVAL-SUR-ARC<\/figcaption><\/figure>\n\n\n\n<figure class=\"wp-block-image size-large\"><a href=\"https:\/\/petit-montagnard.fr\/en\/discover-la-grave-this-village-in-the-hautes-alpes-a-must-for-mountain-lovers\/\"><img loading=\"lazy\" decoding=\"async\" width=\"1024\" height=\"683\" data-id=\"89024\" src=\"https:\/\/petit-montagnard.fr\/wp-content\/uploads\/2024\/05\/La-Grave-village-montagne-min-1024x683.jpeg\" alt=\"La Grave mountain village -min\" class=\"wp-image-89024\" srcset=\"https:\/\/petit-montagnard.fr\/wp-content\/uploads\/2024\/05\/La-Grave-village-montagne-min-1024x683.jpeg 1024w, https:\/\/petit-montagnard.fr\/wp-content\/uploads\/2024\/05\/La-Grave-village-montagne-min-300x200.jpeg 300w, https:\/\/petit-montagnard.fr\/wp-content\/uploads\/2024\/05\/La-Grave-village-montagne-min-768x512.jpeg 768w, https:\/\/petit-montagnard.fr\/wp-content\/uploads\/2024\/05\/La-Grave-village-montagne-min-1536x1025.jpeg 1536w, https:\/\/petit-montagnard.fr\/wp-content\/uploads\/2024\/05\/La-Grave-village-montagne-min-150x100.jpeg 150w, https:\/\/petit-montagnard.fr\/wp-content\/uploads\/2024\/05\/La-Grave-village-montagne-min-450x300.jpeg 450w, https:\/\/petit-montagnard.fr\/wp-content\/uploads\/2024\/05\/La-Grave-village-montagne-min-1200x801.jpeg 1200w, https:\/\/petit-montagnard.fr\/wp-content\/uploads\/2024\/05\/La-Grave-village-montagne-min.jpeg 1800w\" sizes=\"(max-width: 1024px) 100vw, 1024px\" \/><\/a><figcaption class=\"wp-element-caption\">THE GRAVE<\/figcaption><\/figure>\n\n\n\n<figure class=\"wp-block-image size-large\"><a href=\"https:\/\/petit-montagnard.fr\/en\/this-mountain-village-is-the-highest-inhabited-community-in-europe\/\"><img loading=\"lazy\" decoding=\"async\" width=\"1024\" height=\"554\" data-id=\"89061\" src=\"https:\/\/petit-montagnard.fr\/wp-content\/uploads\/2024\/05\/Saint-Veran-village-le-plus-haut-d-Europe-1024x554.jpeg\" alt=\"Saint-V\u00e9ran-village-le-plus-haut-d&#039;Europe\" class=\"wp-image-89061\" srcset=\"https:\/\/petit-montagnard.fr\/wp-content\/uploads\/2024\/05\/Saint-Veran-village-le-plus-haut-d-Europe-1024x554.jpeg 1024w, https:\/\/petit-montagnard.fr\/wp-content\/uploads\/2024\/05\/Saint-Veran-village-le-plus-haut-d-Europe-300x162.jpeg 300w, https:\/\/petit-montagnard.fr\/wp-content\/uploads\/2024\/05\/Saint-Veran-village-le-plus-haut-d-Europe-768x415.jpeg 768w, https:\/\/petit-montagnard.fr\/wp-content\/uploads\/2024\/05\/Saint-Veran-village-le-plus-haut-d-Europe-1536x831.jpeg 1536w, https:\/\/petit-montagnard.fr\/wp-content\/uploads\/2024\/05\/Saint-Veran-village-le-plus-haut-d-Europe-150x81.jpeg 150w, https:\/\/petit-montagnard.fr\/wp-content\/uploads\/2024\/05\/Saint-Veran-village-le-plus-haut-d-Europe-450x243.jpeg 450w, https:\/\/petit-montagnard.fr\/wp-content\/uploads\/2024\/05\/Saint-Veran-village-le-plus-haut-d-Europe-1200x649.jpeg 1200w, https:\/\/petit-montagnard.fr\/wp-content\/uploads\/2024\/05\/Saint-Veran-village-le-plus-haut-d-Europe.jpeg 1769w\" sizes=\"(max-width: 1024px) 100vw, 1024px\" \/><\/a><figcaption class=\"wp-element-caption\">SAINT-VERAN<\/figcaption><\/figure>\n<\/figure>\n<\/div>\n<\/div>","protected":false},"excerpt":{"rendered":"<p>Des Alpes aux Pyr\u00e9n\u00e9es en passant par les Vosges ou le Massif Central, retrouvez les villages qui participent \u00e0 la richesse de notre patrimoine. Les villages de montagne sont des joyaux cach\u00e9s au c\u0153ur des paysages alpins, offrant une harmonie parfaite entre nature pr\u00e9serv\u00e9e, patrimoine culturel et traditions ancestrales. Nich\u00e9s \u00e0 flanc de montagne, ces<\/p>","protected":false},"author":4,"featured_media":90533,"parent":0,"menu_order":0,"comment_status":"closed","ping_status":"closed","template":"","meta":{"_monsterinsights_skip_tracking":false,"_monsterinsights_sitenote_active":false,"_monsterinsights_sitenote_note":"","_monsterinsights_sitenote_category":0,"footnotes":""},"class_list":["post-90778","page","type-page","status-publish","has-post-thumbnail"],"_links":{"self":[{"href":"https:\/\/petit-montagnard.fr\/en\/wp-json\/wp\/v2\/pages\/90778","targetHints":{"allow":["GET"]}}],"collection":[{"href":"https:\/\/petit-montagnard.fr\/en\/wp-json\/wp\/v2\/pages"}],"about":[{"href":"https:\/\/petit-montagnard.fr\/en\/wp-json\/wp\/v2\/types\/page"}],"author":[{"embeddable":true,"href":"https:\/\/petit-montagnard.fr\/en\/wp-json\/wp\/v2\/users\/4"}],"replies":[{"embeddable":true,"href":"https:\/\/petit-montagnard.fr\/en\/wp-json\/wp\/v2\/comments?post=90778"}],"version-history":[{"count":7,"href":"https:\/\/petit-montagnard.fr\/en\/wp-json\/wp\/v2\/pages\/90778\/revisions"}],"predecessor-version":[{"id":90803,"href":"https:\/\/petit-montagnard.fr\/en\/wp-json\/wp\/v2\/pages\/90778\/revisions\/90803"}],"wp:featuredmedia":[{"embeddable":true,"href":"https:\/\/petit-montagnard.fr\/en\/wp-json\/wp\/v2\/media\/90533"}],"wp:attachment":[{"href":"https:\/\/petit-montagnard.fr\/en\/wp-json\/wp\/v2\/media?parent=90778"}],"curies":[{"name":"wp","href":"https:\/\/api.w.org\/{rel}","templated":true}]}}