{"id":76963,"date":"2021-08-21T22:45:49","date_gmt":"2021-08-21T20:45:49","guid":{"rendered":"https:\/\/www.lesportaufeminin.fr\/?page_id=76963"},"modified":"2023-07-27T11:37:50","modified_gmt":"2023-07-27T09:37:50","slug":"newsletter","status":"publish","type":"page","link":"https:\/\/petit-montagnard.fr\/en\/newsletter\/","title":{"rendered":"D\u00e9couvrez notre newsletter"},"content":{"rendered":"<div class=\"wp-block-image\">\n<figure class=\"aligncenter size-full\"><img fetchpriority=\"high\" decoding=\"async\" width=\"726\" height=\"284\" src=\"https:\/\/petit-montagnard.fr\/wp-content\/uploads\/2023\/07\/5-copie-2.png\" alt=\"\" class=\"wp-image-84673\" srcset=\"https:\/\/petit-montagnard.fr\/wp-content\/uploads\/2023\/07\/5-copie-2.png 726w, https:\/\/petit-montagnard.fr\/wp-content\/uploads\/2023\/07\/5-copie-2-300x117.png 300w, https:\/\/petit-montagnard.fr\/wp-content\/uploads\/2023\/07\/5-copie-2-150x59.png 150w, https:\/\/petit-montagnard.fr\/wp-content\/uploads\/2023\/07\/5-copie-2-450x176.png 450w\" sizes=\"(max-width: 726px) 100vw, 726px\" \/><\/figure><\/div>\n\n\n<h2 class=\"wp-block-heading has-text-align-center\">Receive our magazine online<\/h2>\n\n\n\n<p class=\"has-text-align-center\"><em>By subscribing to this newsletter, you accept the following <a href=\"http:\/\/petit-montagnard.fr\/en\/legal-information\/\">legal notices<\/a> du Petit Montagnard<\/em><\/p>\n\n\n\n<!-- Begin Mailchimp Signup Form -->\n<link href=\"\/\/cdn-images.mailchimp.com\/embedcode\/classic-10_7.css\" rel=\"stylesheet\" type=\"text\/css\">\n<style type=\"text\/css\">\n\t#mc_embed_signup{background:#fff; clear:left; font:14px Helvetica,Arial,sans-serif; }\n\t\/* Add your own Mailchimp form style overrides in your site stylesheet or in this style block.\n\t   We recommend moving this block and the preceding CSS link to the HEAD of your HTML file. *\/\n<\/style>\n<div id=\"mc_embed_signup\">\n<form action=\"https:\/\/lesportaufeminin.us5.list-manage.com\/subscribe\/post?u=2e95dc8ea0294e09171111c9c&amp;id=3bbc630494\" method=\"post\" id=\"mc-embedded-subscribe-form\" name=\"mc-embedded-subscribe-form\" class=\"validate\" target=\"_blank\" novalidate=\"\">\n    <div id=\"mc_embed_signup_scroll\">\n<div class=\"indicates-required\"><span class=\"asterisk\">*<\/span> Required fields<\/div>\n<div class=\"mc-field-group\">\n\t<label for=\"mce-EMAIL\">Email  <span class=\"asterisk\">*<\/span>\n<\/label>\n\t<input type=\"email\" value=\"\" name=\"EMAIL\" class=\"required email\" id=\"mce-EMAIL\">\n<\/div>\n<div class=\"mc-field-group\">\n\t<label for=\"mce-FNAME\">First name <\/label>\n\t<input type=\"text\" value=\"\" name=\"FNAME\" class=\"\" id=\"mce-FNAME\">\n<\/div>\n\t<div id=\"mce-responses\" class=\"clear\">\n\t\t<div class=\"response\" id=\"mce-error-response\" style=\"display:none\"><\/div>\n\t\t<div class=\"response\" id=\"mce-success-response\" style=\"display:none\"><\/div>\n\t<\/div>    <!-- real people should not fill this in and expect good things - do not remove this or risk form bot signups-->\n    <div style=\"position: absolute; left: -5000px;\" aria-hidden=\"true\"><input type=\"text\" name=\"b_c305aaefff5799c63dfe83695_c9e2283bf2\" tabindex=\"-1\" value=\"\"><\/div>\n    <div class=\"clear\"><input type=\"submit\" value=\"Subscribe\" name=\"subscribe\" id=\"mc-embedded-subscribe\" class=\"button\"><\/div>\n    <\/div>\n<\/form>\n<\/div>\n\n<!--End mc_embed_signup-->","protected":false},"excerpt":{"rendered":"<p>Recevez notre magazine en ligne En vous inscrivant \u00e0 cette newsletter, vous acceptez les mentions l\u00e9gales du Petit Montagnard * Champs requis Email * Pr\u00e9nom<\/p>","protected":false},"author":4,"featured_media":0,"parent":0,"menu_order":0,"comment_status":"closed","ping_status":"closed","template":"","meta":{"_monsterinsights_skip_tracking":false,"_monsterinsights_sitenote_active":false,"_monsterinsights_sitenote_note":"","_monsterinsights_sitenote_category":0,"footnotes":""},"class_list":["post-76963","page","type-page","status-publish"],"_links":{"self":[{"href":"https:\/\/petit-montagnard.fr\/en\/wp-json\/wp\/v2\/pages\/76963","targetHints":{"allow":["GET"]}}],"collection":[{"href":"https:\/\/petit-montagnard.fr\/en\/wp-json\/wp\/v2\/pages"}],"about":[{"href":"https:\/\/petit-montagnard.fr\/en\/wp-json\/wp\/v2\/types\/page"}],"author":[{"embeddable":true,"href":"https:\/\/petit-montagnard.fr\/en\/wp-json\/wp\/v2\/users\/4"}],"replies":[{"embeddable":true,"href":"https:\/\/petit-montagnard.fr\/en\/wp-json\/wp\/v2\/comments?post=76963"}],"version-history":[{"count":0,"href":"https:\/\/petit-montagnard.fr\/en\/wp-json\/wp\/v2\/pages\/76963\/revisions"}],"wp:attachment":[{"href":"https:\/\/petit-montagnard.fr\/en\/wp-json\/wp\/v2\/media?parent=76963"}],"curies":[{"name":"wp","href":"https:\/\/api.w.org\/{rel}","templated":true}]}}